{"id":106050,"date":"2016-03-10T18:52:12","date_gmt":"2016-03-10T11:52:12","guid":{"rendered":"https:\/\/planetarium-phuket.com\/polityka-prywatnosci\/"},"modified":"2025-06-13T06:18:07","modified_gmt":"2025-06-12T23:18:07","slug":"polityka-prywatnosci","status":"publish","type":"page","link":"https:\/\/planetarium-phuket.com\/pl\/polityka-prywatnosci\/","title":{"rendered":"Polityka prywatno\u015bci"},"content":{"rendered":"\t\t<div data-elementor-type=\"wp-page\" data-elementor-id=\"106050\" class=\"elementor elementor-106050 elementor-748\" data-elementor-post-type=\"page\">\n\t\t\t\t<section class=\"elementor-element elementor-element-dd67ae6 e-flex e-con-boxed e-con e-parent\" data-id=\"dd67ae6\" data-element_type=\"container\" id=\"hero-section\" data-settings=\"{&quot;background_background&quot;:&quot;classic&quot;,&quot;shape_divider_bottom&quot;:&quot;tilt&quot;}\">\n\t\t\t\t\t<div class=\"e-con-inner\">\n\t\t\t\t<div class=\"elementor-shape elementor-shape-bottom\" aria-hidden=\"true\" data-negative=\"false\">\n\t\t\t<svg xmlns=\"http:\/\/www.w3.org\/2000\/svg\" viewBox=\"0 0 1000 100\" preserveAspectRatio=\"none\">\n\t<path class=\"elementor-shape-fill\" d=\"M0,6V0h1000v100L0,6z\"\/>\n<\/svg>\t\t<\/div>\n\t\t\t\t<div class=\"elementor-element elementor-element-186dcb2 elementor-invisible elementor-widget elementor-widget-heading\" data-id=\"186dcb2\" data-element_type=\"widget\" data-settings=\"{&quot;_animation&quot;:&quot;fadeIn&quot;}\" data-widget_type=\"heading.default\">\n\t\t\t\t\t<h2 class=\"elementor-heading-title elementor-size-default\">Polityka prywatno\u015bci<\/h2>\t\t\t\t<\/div>\n\t\t\t\t\t<\/div>\n\t\t\t\t<\/section>\n\t\t\t\t<section class=\"elementor-section elementor-top-section elementor-element elementor-element-381cae2f elementor-section-boxed elementor-section-height-default elementor-section-height-default\" data-id=\"381cae2f\" data-element_type=\"section\">\n\t\t\t\t\t\t<div class=\"elementor-container elementor-column-gap-default\">\n\t\t\t\t\t<div class=\"elementor-column elementor-col-100 elementor-top-column elementor-element elementor-element-30d10020\" data-id=\"30d10020\" data-element_type=\"column\">\n\t\t\t<div class=\"elementor-widget-wrap elementor-element-populated\">\n\t\t\t\t\t\t<div class=\"elementor-element elementor-element-2bef08d elementor-widget elementor-widget-heading\" data-id=\"2bef08d\" data-element_type=\"widget\" data-widget_type=\"heading.default\">\n\t\t\t\t\t<h2 class=\"elementor-heading-title elementor-size-default\">Polityka prywatno\u015bci Planetarium Nieruchomo\u015bci<\/h2>\t\t\t\t<\/div>\n\t\t\t\t<div class=\"elementor-element elementor-element-de9a7f4 elementor-widget elementor-widget-text-editor\" data-id=\"de9a7f4\" data-element_type=\"widget\" data-widget_type=\"text-editor.default\">\n\t\t\t\t\t\t\t\t\t<p>Twoja prywatno\u015b\u0107 jest dla nas wa\u017cna. Polityk\u0105 Planetarium Real Estate jest poszanowanie prywatno\u015bci u\u017cytkownika i przestrzeganie wszelkich obowi\u0105zuj\u0105cych przepis\u00f3w prawa i regulacji dotycz\u0105cych wszelkich danych osobowych, kt\u00f3re mo\u017cemy gromadzi\u0107 na jego temat, w tym w naszej witrynie internetowej, <a href=\"https:\/\/planetarium-phuket.com\/pl\/\">https:\/\/planetarium-phuket.com<\/a> i innych witrynach, kt\u00f3re posiadamy i obs\u0142ugujemy.<\/p><p>Niniejsze zasady obowi\u0105zuj\u0105 od dnia 7 marca 2023 r. i zosta\u0142y ostatnio zaktualizowane w dniu 7 marca 2023 r.<\/p>\t\t\t\t\t\t\t\t<\/div>\n\t\t\t\t<div class=\"elementor-element elementor-element-8cff7f7 elementor-widget elementor-widget-heading\" data-id=\"8cff7f7\" data-element_type=\"widget\" data-widget_type=\"heading.default\">\n\t\t\t\t\t<h3 class=\"elementor-heading-title elementor-size-default\">Gromadzone przez nas informacje<\/h3>\t\t\t\t<\/div>\n\t\t\t\t<div class=\"elementor-element elementor-element-64af151c elementor-widget elementor-widget-text-editor\" data-id=\"64af151c\" data-element_type=\"widget\" data-widget_type=\"text-editor.default\">\n\t\t\t\t\t\t\t\t\t<p>Gromadzone przez nas informacje obejmuj\u0105 zar\u00f3wno informacje, kt\u00f3re u\u017cytkownik \u015bwiadomie i aktywnie przekazuje nam podczas korzystania z naszych us\u0142ug i promocji lub uczestniczenia w nich, jak i wszelkie informacje automatycznie wysy\u0142ane przez urz\u0105dzenia u\u017cytkownika w trakcie uzyskiwania dost\u0119pu do naszych produkt\u00f3w i us\u0142ug.<\/p>\t\t\t\t\t\t\t\t<\/div>\n\t\t\t\t<div class=\"elementor-element elementor-element-1046921 elementor-widget elementor-widget-heading\" data-id=\"1046921\" data-element_type=\"widget\" data-widget_type=\"heading.default\">\n\t\t\t\t\t<h3 class=\"elementor-heading-title elementor-size-default\">Dane dziennika<\/h3>\t\t\t\t<\/div>\n\t\t\t\t<div class=\"elementor-element elementor-element-ff2527a elementor-widget elementor-widget-text-editor\" data-id=\"ff2527a\" data-element_type=\"widget\" data-widget_type=\"text-editor.default\">\n\t\t\t\t\t\t\t\t\t<p>Gdy u\u017cytkownik odwiedza nasz\u0105 witryn\u0119, nasze serwery mog\u0105 automatycznie rejestrowa\u0107 standardowe dane dostarczane przez przegl\u0105dark\u0119 internetow\u0105. Mog\u0105 one obejmowa\u0107 adres IP urz\u0105dzenia, typ i wersj\u0119 przegl\u0105darki, odwiedzane strony, godzin\u0119 i dat\u0119 wizyty, czas sp\u0119dzony na ka\u017cdej stronie, inne szczeg\u00f3\u0142y dotycz\u0105ce wizyty oraz szczeg\u00f3\u0142y techniczne, kt\u00f3re wyst\u0119puj\u0105 w po\u0142\u0105czeniu z wszelkimi napotkanymi b\u0142\u0119dami.<\/p><p>Nale\u017cy pami\u0119ta\u0107, \u017ce chocia\u017c informacje te same w sobie nie mog\u0105 by\u0107 danymi osobowymi, mo\u017ce by\u0107 mo\u017cliwe po\u0142\u0105czenie ich z innymi danymi w celu identyfikacji poszczeg\u00f3lnych os\u00f3b.<\/p>\t\t\t\t\t\t\t\t<\/div>\n\t\t\t\t<div class=\"elementor-element elementor-element-b876ff2 elementor-widget elementor-widget-heading\" data-id=\"b876ff2\" data-element_type=\"widget\" data-widget_type=\"heading.default\">\n\t\t\t\t\t<h3 class=\"elementor-heading-title elementor-size-default\">Dane osobowe<\/h3>\t\t\t\t<\/div>\n\t\t\t\t<div class=\"elementor-element elementor-element-9cb64f0 elementor-widget elementor-widget-text-editor\" data-id=\"9cb64f0\" data-element_type=\"widget\" data-widget_type=\"text-editor.default\">\n\t\t\t\t\t\t\t\t\t<p>Mo\u017cemy poprosi\u0107 o podanie danych osobowych, kt\u00f3re mog\u0105 obejmowa\u0107 jeden lub wi\u0119cej z poni\u017cszych element\u00f3w:<\/p><ul><li>E-mail<\/li><\/ul>\t\t\t\t\t\t\t\t<\/div>\n\t\t\t\t<div class=\"elementor-element elementor-element-2b621e1 elementor-widget elementor-widget-heading\" data-id=\"2b621e1\" data-element_type=\"widget\" data-widget_type=\"heading.default\">\n\t\t\t\t\t<h3 class=\"elementor-heading-title elementor-size-default\">Uzasadnione powody przetwarzania danych osobowych u\u017cytkownika<\/h3>\t\t\t\t<\/div>\n\t\t\t\t<div class=\"elementor-element elementor-element-aec7283 elementor-widget elementor-widget-text-editor\" data-id=\"aec7283\" data-element_type=\"widget\" data-widget_type=\"text-editor.default\">\n\t\t\t\t\t\t\t\t\t<p>Gromadzimy i wykorzystujemy dane osobowe u\u017cytkownik\u00f3w tylko wtedy, gdy mamy ku temu uzasadniony pow\u00f3d. W takim przypadku gromadzimy wy\u0142\u0105cznie dane osobowe, kt\u00f3re s\u0105 niezb\u0119dne do \u015bwiadczenia us\u0142ug na rzecz u\u017cytkownika.<\/p>\t\t\t\t\t\t\t\t<\/div>\n\t\t\t\t<div class=\"elementor-element elementor-element-7179e27 elementor-widget elementor-widget-heading\" data-id=\"7179e27\" data-element_type=\"widget\" data-widget_type=\"heading.default\">\n\t\t\t\t\t<h3 class=\"elementor-heading-title elementor-size-default\">Gromadzenie i wykorzystywanie informacji<\/h3>\t\t\t\t<\/div>\n\t\t\t\t<div class=\"elementor-element elementor-element-0d58437 elementor-widget elementor-widget-text-editor\" data-id=\"0d58437\" data-element_type=\"widget\" data-widget_type=\"text-editor.default\">\n\t\t\t\t\t\t\t\t\t<p>Mo\u017cemy gromadzi\u0107 dane osobowe u\u017cytkownik\u00f3w, gdy wykonuj\u0105 oni nast\u0119puj\u0105ce czynno\u015bci na naszej stronie internetowej:<\/p><ul><li>Korzystanie z urz\u0105dzenia mobilnego lub przegl\u0105darki internetowej w celu uzyskania dost\u0119pu do naszych tre\u015bci<\/li><li>Skontaktuj si\u0119 z nami za po\u015brednictwem poczty elektronicznej, medi\u00f3w spo\u0142eczno\u015bciowych lub podobnych technologii<\/li><li>Gdy wspomnisz o nas w mediach spo\u0142eczno\u015bciowych<\/li><\/ul><p>Mo\u017cemy gromadzi\u0107, przechowywa\u0107, wykorzystywa\u0107 i ujawnia\u0107 informacje w nast\u0119puj\u0105cych celach, a dane osobowe nie b\u0119d\u0105 dalej przetwarzane w spos\u00f3b niezgodny z tymi celami:<\/p><p>Mo\u017cemy gromadzi\u0107, przechowywa\u0107, wykorzystywa\u0107 i ujawnia\u0107 informacje w nast\u0119puj\u0105cych celach, a dane osobowe nie b\u0119d\u0105 dalej przetwarzane w spos\u00f3b niezgodny z tymi celami:<\/p><ul><li>kontaktowa\u0107 si\u0119 z u\u017cytkownikiem i komunikowa\u0107 si\u0119 z nim<\/li><li>umo\u017cliwienie u\u017cytkownikowi dost\u0119pu do naszej witryny internetowej, powi\u0105zanych aplikacji i powi\u0105zanych platform medi\u00f3w spo\u0142eczno\u015bciowych oraz korzystania z nich<\/li><\/ul><p>Nale\u017cy pami\u0119ta\u0107, \u017ce mo\u017cemy \u0142\u0105czy\u0107 gromadzone przez nas informacje o u\u017cytkowniku z informacjami og\u00f3lnymi lub danymi badawczymi, kt\u00f3re otrzymujemy z innych zaufanych \u017ar\u00f3de\u0142.<\/p>\t\t\t\t\t\t\t\t<\/div>\n\t\t\t\t<div class=\"elementor-element elementor-element-5a654fa elementor-widget elementor-widget-heading\" data-id=\"5a654fa\" data-element_type=\"widget\" data-widget_type=\"heading.default\">\n\t\t\t\t\t<h3 class=\"elementor-heading-title elementor-size-default\">Bezpiecze\u0144stwo danych osobowych u\u017cytkownika<\/h3>\t\t\t\t<\/div>\n\t\t\t\t<div class=\"elementor-element elementor-element-efe8a8c elementor-widget elementor-widget-text-editor\" data-id=\"efe8a8c\" data-element_type=\"widget\" data-widget_type=\"text-editor.default\">\n\t\t\t\t\t\t\t\t\t<p>Gromadz\u0105c i przetwarzaj\u0105c dane osobowe, a tak\u017ce przechowuj\u0105c te informacje, b\u0119dziemy chroni\u0107 je za pomoc\u0105 komercyjnie akceptowalnych \u015brodk\u00f3w, aby zapobiec ich utracie i kradzie\u017cy, a tak\u017ce nieautoryzowanemu dost\u0119powi, ujawnieniu, kopiowaniu, wykorzystaniu lub modyfikacji.<\/p><p>Chocia\u017c do\u0142o\u017cymy wszelkich stara\u0144, aby chroni\u0107 dane osobowe, kt\u00f3re nam przekazujesz, informujemy, \u017ce \u017cadna metoda transmisji elektronicznej lub przechowywania nie jest w 100% bezpieczna i nikt nie mo\u017ce zagwarantowa\u0107 ca\u0142kowitego bezpiecze\u0144stwa danych. B\u0119dziemy przestrzega\u0107 obowi\u0105zuj\u0105cych nas przepis\u00f3w prawa w odniesieniu do wszelkich narusze\u0144 danych.<\/p><p>U\u017cytkownik jest odpowiedzialny za wyb\u00f3r dowolnego has\u0142a i jego og\u00f3ln\u0105 si\u0142\u0119 bezpiecze\u0144stwa, zapewniaj\u0105c bezpiecze\u0144stwo w\u0142asnych informacji w ramach naszych us\u0142ug.<\/p>\t\t\t\t\t\t\t\t<\/div>\n\t\t\t\t<div class=\"elementor-element elementor-element-6040b1e elementor-widget elementor-widget-heading\" data-id=\"6040b1e\" data-element_type=\"widget\" data-widget_type=\"heading.default\">\n\t\t\t\t\t<h3 class=\"elementor-heading-title elementor-size-default\">Jak d\u0142ugo przechowujemy dane osobowe u\u017cytkownika<\/h3>\t\t\t\t<\/div>\n\t\t\t\t<div class=\"elementor-element elementor-element-40c3c7f elementor-widget elementor-widget-text-editor\" data-id=\"40c3c7f\" data-element_type=\"widget\" data-widget_type=\"text-editor.default\">\n\t\t\t\t\t\t\t\t\t<p>Dane osobowe u\u017cytkownika przechowujemy tylko tak d\u0142ugo, jak jest to konieczne. Okres ten mo\u017ce zale\u017ce\u0107 od tego, do czego wykorzystujemy dane u\u017cytkownika zgodnie z niniejsz\u0105 polityk\u0105 prywatno\u015bci. Je\u015bli dane osobowe u\u017cytkownika nie b\u0119d\u0105 ju\u017c potrzebne, usuniemy je lub zanonimizujemy, usuwaj\u0105c wszystkie dane umo\u017cliwiaj\u0105ce identyfikacj\u0119 u\u017cytkownika.<\/p><p>W razie potrzeby mo\u017cemy jednak zachowa\u0107 dane osobowe u\u017cytkownika w celu spe\u0142nienia obowi\u0105zku prawnego, ksi\u0119gowego lub sprawozdawczego lub w celach archiwizacyjnych w interesie publicznym, w celach bada\u0144 naukowych lub historycznych lub w celach statystycznych.<\/p>\t\t\t\t\t\t\t\t<\/div>\n\t\t\t\t<div class=\"elementor-element elementor-element-d7748e8 elementor-widget elementor-widget-heading\" data-id=\"d7748e8\" data-element_type=\"widget\" data-widget_type=\"heading.default\">\n\t\t\t\t\t<h3 class=\"elementor-heading-title elementor-size-default\">Prywatno\u015b\u0107 dzieci<\/h3>\t\t\t\t<\/div>\n\t\t\t\t<div class=\"elementor-element elementor-element-dc4e289 elementor-widget elementor-widget-text-editor\" data-id=\"dc4e289\" data-element_type=\"widget\" data-widget_type=\"text-editor.default\">\n\t\t\t\t\t\t\t\t\t<p>Nie kierujemy \u017cadnych naszych produkt\u00f3w ani us\u0142ug bezpo\u015brednio do dzieci w wieku poni\u017cej 13 lat i \u015bwiadomie nie gromadzimy danych osobowych dzieci w wieku poni\u017cej 13 lat.<\/p>\t\t\t\t\t\t\t\t<\/div>\n\t\t\t\t<div class=\"elementor-element elementor-element-3359ad4 elementor-widget elementor-widget-heading\" data-id=\"3359ad4\" data-element_type=\"widget\" data-widget_type=\"heading.default\">\n\t\t\t\t\t<h3 class=\"elementor-heading-title elementor-size-default\">Ujawnianie danych osobowych stronom trzecim<\/h3>\t\t\t\t<\/div>\n\t\t\t\t<div class=\"elementor-element elementor-element-483d760 elementor-widget__width-initial elementor-widget elementor-widget-text-editor\" data-id=\"483d760\" data-element_type=\"widget\" data-widget_type=\"text-editor.default\">\n\t\t\t\t\t\t\t\t\t<p>Mo\u017cemy ujawnia\u0107 dane osobowe<\/p><ul><li>podmiot dominuj\u0105cy, zale\u017cny lub stowarzyszony z nasz\u0105 firm\u0105<\/li><li>zewn\u0119trzni dostawcy us\u0142ug w celu umo\u017cliwienia im \u015bwiadczenia us\u0142ug, na przyk\u0142ad dostawcy us\u0142ug IT, dostawcy us\u0142ug przechowywania danych, hostingu i serwer\u00f3w, reklamodawcy lub platformy analityczne<\/li><li>nasi pracownicy, wykonawcy i\/lub podmioty powi\u0105zane<\/li><li>nasi obecni lub potencjalni agenci lub partnerzy biznesowi<\/li><li>sponsorzy lub promotorzy wszelkich organizowanych przez nas konkurs\u00f3w, loterii lub promocji<\/li><li>s\u0105dom, trybuna\u0142om, organom regulacyjnym i funkcjonariuszom organ\u00f3w \u015bcigania, zgodnie z wymogami prawa, w zwi\u0105zku z wszelkimi aktualnymi lub przysz\u0142ymi post\u0119powaniami prawnymi lub w celu ustanowienia, wykonania lub obrony naszych praw<\/li><li>stronom trzecim, w tym agentom lub podwykonawcom, kt\u00f3rzy pomagaj\u0105 nam w dostarczaniu informacji, produkt\u00f3w, us\u0142ug lub marketingu bezpo\u015bredniego stronom trzecim w celu gromadzenia i przetwarzania danych<\/li><\/ul>\t\t\t\t\t\t\t\t<\/div>\n\t\t\t\t<div class=\"elementor-element elementor-element-af66ee4 elementor-widget elementor-widget-heading\" data-id=\"af66ee4\" data-element_type=\"widget\" data-widget_type=\"heading.default\">\n\t\t\t\t\t<h3 class=\"elementor-heading-title elementor-size-default\">Mi\u0119dzynarodowe transfery danych osobowych<\/h3>\t\t\t\t<\/div>\n\t\t\t\t<div class=\"elementor-element elementor-element-7d58519 elementor-widget elementor-widget-text-editor\" data-id=\"7d58519\" data-element_type=\"widget\" data-widget_type=\"text-editor.default\">\n\t\t\t\t\t\t\t\t\t<p>Gromadzone przez nas dane osobowe s\u0105 przechowywane i\/lub przetwarzane tam, gdzie my lub nasi partnerzy, podmioty stowarzyszone i dostawcy zewn\u0119trzni utrzymuj\u0105 swoje obiekty. Nale\u017cy pami\u0119ta\u0107, \u017ce w lokalizacjach, w kt\u00f3rych przechowujemy, przetwarzamy lub przekazujemy dane osobowe u\u017cytkownika, mog\u0105 obowi\u0105zywa\u0107 inne przepisy dotycz\u0105ce ochrony danych ni\u017c w kraju, w kt\u00f3rym u\u017cytkownik pierwotnie przekaza\u0142 te dane. Je\u015bli przeka\u017cemy dane osobowe u\u017cytkownika stronom trzecim w innych krajach: (i) b\u0119dziemy dokonywa\u0107 tych transfer\u00f3w zgodnie z wymogami obowi\u0105zuj\u0105cego prawa; oraz (ii) b\u0119dziemy chroni\u0107 przekazane dane osobowe zgodnie z niniejsz\u0105 polityk\u0105 prywatno\u015bci.<\/p>\t\t\t\t\t\t\t\t<\/div>\n\t\t\t\t<div class=\"elementor-element elementor-element-56f0b18 elementor-widget elementor-widget-heading\" data-id=\"56f0b18\" data-element_type=\"widget\" data-widget_type=\"heading.default\">\n\t\t\t\t\t<h3 class=\"elementor-heading-title elementor-size-default\">Prawa u\u017cytkownika i kontrola nad danymi osobowymi\n<\/h3>\t\t\t\t<\/div>\n\t\t\t\t<div class=\"elementor-element elementor-element-eb568c6 elementor-widget elementor-widget-text-editor\" data-id=\"eb568c6\" data-element_type=\"widget\" data-widget_type=\"text-editor.default\">\n\t\t\t\t\t\t\t\t\t<p>U\u017cytkownik zawsze zachowuje prawo do nieudost\u0119pniania nam swoich danych osobowych, ze \u015bwiadomo\u015bci\u0105, \u017ce mo\u017ce to mie\u0107 wp\u0142yw na korzystanie przez niego z naszej strony internetowej. Nie b\u0119dziemy dyskryminowa\u0107 u\u017cytkownik\u00f3w za korzystanie z jakichkolwiek praw dotycz\u0105cych ich danych osobowych. W przypadku przekazania nam danych osobowych u\u017cytkownik przyjmuje do wiadomo\u015bci, \u017ce b\u0119dziemy je gromadzi\u0107, przechowywa\u0107, wykorzystywa\u0107 i ujawnia\u0107 zgodnie z niniejsz\u0105 polityk\u0105 prywatno\u015bci. U\u017cytkownik zachowuje prawo do za\u017c\u0105dania szczeg\u00f3\u0142owych informacji na temat wszelkich przechowywanych przez nas jego danych osobowych.<\/p><p>Je\u015bli otrzymamy dane osobowe u\u017cytkownika od strony trzeciej, b\u0119dziemy je chroni\u0107 w spos\u00f3b okre\u015blony w niniejszej polityce prywatno\u015bci. Je\u015bli u\u017cytkownik jest osob\u0105 trzeci\u0105 przekazuj\u0105c\u0105 dane osobowe innej osoby, o\u015bwiadcza i gwarantuje, \u017ce posiada zgod\u0119 tej osoby na przekazanie nam danych osobowych.<\/p><p>Je\u015bli u\u017cytkownik wyrazi\u0142 wcze\u015bniej zgod\u0119 na wykorzystywanie przez nas jego danych osobowych do cel\u00f3w marketingu bezpo\u015bredniego, mo\u017ce zmieni\u0107 zdanie w dowolnym momencie. Zapewnimy u\u017cytkownikowi mo\u017cliwo\u015b\u0107 wypisania si\u0119 z naszej bazy danych e-mail lub rezygnacji z komunikacji. Pami\u0119taj, \u017ce mo\u017cemy poprosi\u0107 Ci\u0119 o podanie konkretnych informacji, kt\u00f3re pomog\u0105 nam potwierdzi\u0107 Twoj\u0105 to\u017csamo\u015b\u0107.<\/p><p>Je\u015bli uwa\u017casz, \u017ce jakiekolwiek informacje, kt\u00f3re posiadamy na Tw\u00f3j temat s\u0105 niedok\u0142adne, nieaktualne, niekompletne, nieistotne lub wprowadzaj\u0105ce w b\u0142\u0105d, skontaktuj si\u0119 z nami, korzystaj\u0105c z danych podanych w niniejszej polityce prywatno\u015bci. Podejmiemy uzasadnione kroki w celu skorygowania wszelkich informacji, kt\u00f3re oka\u017c\u0105 si\u0119 niedok\u0142adne, niekompletne, wprowadzaj\u0105ce w b\u0142\u0105d lub nieaktualne.<\/p><p>Je\u015bli uwa\u017casz, \u017ce naruszyli\u015bmy odpowiednie przepisy o ochronie danych i chcesz z\u0142o\u017cy\u0107 skarg\u0119, skontaktuj si\u0119 z nami, korzystaj\u0105c z poni\u017cszych danych i przeka\u017c nam szczeg\u00f3\u0142owe informacje na temat domniemanego naruszenia. Niezw\u0142ocznie zbadamy skarg\u0119 u\u017cytkownika i odpowiemy mu na pi\u015bmie, przedstawiaj\u0105c wynik naszego dochodzenia oraz kroki, jakie podejmiemy w celu rozpatrzenia skargi. U\u017cytkownik ma r\u00f3wnie\u017c prawo skontaktowa\u0107 si\u0119 z organem regulacyjnym lub organem ochrony danych w zwi\u0105zku ze swoj\u0105 skarg\u0105.<\/p>\t\t\t\t\t\t\t\t<\/div>\n\t\t\t\t<div class=\"elementor-element elementor-element-3954e02 elementor-widget elementor-widget-heading\" data-id=\"3954e02\" data-element_type=\"widget\" data-widget_type=\"heading.default\">\n\t\t\t\t\t<h3 class=\"elementor-heading-title elementor-size-default\">Korzystanie z plik\u00f3w cookie<\/h3>\t\t\t\t<\/div>\n\t\t\t\t<div class=\"elementor-element elementor-element-c93a4c5 elementor-widget elementor-widget-text-editor\" data-id=\"c93a4c5\" data-element_type=\"widget\" data-widget_type=\"text-editor.default\">\n\t\t\t\t\t\t\t\t\t<p>U\u017cywamy plik\u00f3w &#8220;cookie&#8221; do zbierania informacji o u\u017cytkowniku i jego aktywno\u015bci w naszej witrynie. Plik cookie to niewielki fragment danych, kt\u00f3ry nasza witryna przechowuje na komputerze u\u017cytkownika i uzyskuje do niego dost\u0119p przy ka\u017cdej wizycie, dzi\u0119ki czemu mo\u017cemy zrozumie\u0107, w jaki spos\u00f3b u\u017cytkownik korzysta z naszej witryny. Pomaga nam to wy\u015bwietla\u0107 u\u017cytkownikowi tre\u015bci w oparciu o okre\u015blone przez niego preferencje.<\/p>\t\t\t\t\t\t\t\t<\/div>\n\t\t\t\t<div class=\"elementor-element elementor-element-4847bc0 elementor-widget elementor-widget-heading\" data-id=\"4847bc0\" data-element_type=\"widget\" data-widget_type=\"heading.default\">\n\t\t\t\t\t<h3 class=\"elementor-heading-title elementor-size-default\">Ograniczenia naszej polityki<\/h3>\t\t\t\t<\/div>\n\t\t\t\t<div class=\"elementor-element elementor-element-36ab6ac elementor-widget elementor-widget-text-editor\" data-id=\"36ab6ac\" data-element_type=\"widget\" data-widget_type=\"text-editor.default\">\n\t\t\t\t\t\t\t\t\t<p>Nasza strona internetowa mo\u017ce zawiera\u0107 \u0142\u0105cza do stron zewn\u0119trznych, kt\u00f3re nie s\u0105 przez nas obs\u0142ugiwane. Nale\u017cy pami\u0119ta\u0107, \u017ce nie mamy kontroli nad tre\u015bci\u0105 i polityk\u0105 tych witryn i nie mo\u017cemy przyj\u0105\u0107 odpowiedzialno\u015bci za ich praktyki w zakresie prywatno\u015bci.<\/p>\t\t\t\t\t\t\t\t<\/div>\n\t\t\t\t<div class=\"elementor-element elementor-element-017b249 elementor-widget elementor-widget-heading\" data-id=\"017b249\" data-element_type=\"widget\" data-widget_type=\"heading.default\">\n\t\t\t\t\t<h3 class=\"elementor-heading-title elementor-size-default\">Zmiany w niniejszej Polityce<\/h3>\t\t\t\t<\/div>\n\t\t\t\t<div class=\"elementor-element elementor-element-77a677a elementor-widget elementor-widget-text-editor\" data-id=\"77a677a\" data-element_type=\"widget\" data-widget_type=\"text-editor.default\">\n\t\t\t\t\t\t\t\t\t<p>Wed\u0142ug w\u0142asnego uznania mo\u017cemy zmieni\u0107 nasz\u0105 polityk\u0119 prywatno\u015bci, aby odzwierciedli\u0107 aktualizacje naszych proces\u00f3w biznesowych, bie\u017c\u0105ce akceptowalne praktyki lub zmiany legislacyjne lub regulacyjne. Je\u015bli zdecydujemy si\u0119 zmieni\u0107 niniejsz\u0105 polityk\u0119 prywatno\u015bci, opublikujemy zmiany tutaj pod tym samym linkiem, za pomoc\u0105 kt\u00f3rego u\u017cytkownik uzyskuje dost\u0119p do niniejszej polityki prywatno\u015bci.<\/p><p>Je\u015bli jest to wymagane przez prawo, uzyskamy zgod\u0119 u\u017cytkownika lub damy mu mo\u017cliwo\u015b\u0107 wyra\u017cenia zgody lub rezygnacji, w zale\u017cno\u015bci od przypadku, z wszelkich nowych zastosowa\u0144 jego danych osobowych.<\/p>\t\t\t\t\t\t\t\t<\/div>\n\t\t\t\t<div class=\"elementor-element elementor-element-587fc52 elementor-widget elementor-widget-heading\" data-id=\"587fc52\" data-element_type=\"widget\" data-widget_type=\"heading.default\">\n\t\t\t\t\t<h3 class=\"elementor-heading-title elementor-size-default\">Kontakt<\/h3>\t\t\t\t<\/div>\n\t\t\t\t<div class=\"elementor-element elementor-element-7761944 elementor-widget elementor-widget-text-editor\" data-id=\"7761944\" data-element_type=\"widget\" data-widget_type=\"text-editor.default\">\n\t\t\t\t\t\t\t\t\t<p>W przypadku jakichkolwiek pyta\u0144 lub w\u0105tpliwo\u015bci dotycz\u0105cych prywatno\u015bci, u\u017cytkownik mo\u017ce skontaktowa\u0107 si\u0119 z nami, korzystaj\u0105c z poni\u017cszych danych:<\/p><p>Victoria Mubashirova<br>https:\/\/planetarium-phuket.com\/contact<\/p>\t\t\t\t\t\t\t\t<\/div>\n\t\t\t\t\t<\/div>\n\t\t<\/div>\n\t\t\t\t\t<\/div>\n\t\t<\/section>\n\t\t\t\t<\/div>\n\t\t","protected":false},"excerpt":{"rendered":"<p>Polityka prywatno\u015bci Polityka prywatno\u015bci Planetarium Nieruchomo\u015bci Twoja prywatno\u015b\u0107 jest dla nas wa\u017cna. Polityk\u0105 Planetarium Real Estate jest poszanowanie prywatno\u015bci u\u017cytkownika i przestrzeganie wszelkich obowi\u0105zuj\u0105cych przepis\u00f3w prawa i regulacji dotycz\u0105cych wszelkich danych osobowych, kt\u00f3re mo\u017cemy gromadzi\u0107 na jego temat, w tym w naszej witrynie internetowej, https:\/\/planetarium-phuket.com i innych witrynach, kt\u00f3re posiadamy i obs\u0142ugujemy. Niniejsze zasady obowi\u0105zuj\u0105 [&hellip;]<\/p>\n","protected":false},"author":1,"featured_media":0,"parent":0,"menu_order":0,"comment_status":"closed","ping_status":"closed","template":"elementor_header_footer","meta":{"footnotes":""},"class_list":["post-106050","page","type-page","status-publish","hentry"],"_links":{"self":[{"href":"https:\/\/planetarium-phuket.com\/pl\/wp-json\/wp\/v2\/pages\/106050","targetHints":{"allow":["GET"]}}],"collection":[{"href":"https:\/\/planetarium-phuket.com\/pl\/wp-json\/wp\/v2\/pages"}],"about":[{"href":"https:\/\/planetarium-phuket.com\/pl\/wp-json\/wp\/v2\/types\/page"}],"author":[{"embeddable":true,"href":"https:\/\/planetarium-phuket.com\/pl\/wp-json\/wp\/v2\/users\/1"}],"replies":[{"embeddable":true,"href":"https:\/\/planetarium-phuket.com\/pl\/wp-json\/wp\/v2\/comments?post=106050"}],"version-history":[{"count":0,"href":"https:\/\/planetarium-phuket.com\/pl\/wp-json\/wp\/v2\/pages\/106050\/revisions"}],"wp:attachment":[{"href":"https:\/\/planetarium-phuket.com\/pl\/wp-json\/wp\/v2\/media?parent=106050"}],"curies":[{"name":"wp","href":"https:\/\/api.w.org\/{rel}","templated":true}]}}