{"id":81779,"date":"2016-03-10T18:52:12","date_gmt":"2016-03-10T11:52:12","guid":{"rendered":"https:\/\/planetarium-phuket.com\/politique-de-confidentialite\/"},"modified":"2025-06-13T06:18:07","modified_gmt":"2025-06-12T23:18:07","slug":"politique-de-confidentialite","status":"publish","type":"page","link":"https:\/\/planetarium-phuket.com\/fr\/politique-de-confidentialite\/","title":{"rendered":"Politique de confidentialit\u00e9"},"content":{"rendered":"\t\t<div data-elementor-type=\"wp-page\" data-elementor-id=\"81779\" class=\"elementor elementor-81779 elementor-748\" data-elementor-post-type=\"page\">\n\t\t\t\t<section class=\"elementor-element elementor-element-dd67ae6 e-flex e-con-boxed e-con e-parent\" data-id=\"dd67ae6\" data-element_type=\"container\" id=\"hero-section\" data-settings=\"{&quot;background_background&quot;:&quot;classic&quot;,&quot;shape_divider_bottom&quot;:&quot;tilt&quot;}\">\n\t\t\t\t\t<div class=\"e-con-inner\">\n\t\t\t\t<div class=\"elementor-shape elementor-shape-bottom\" aria-hidden=\"true\" data-negative=\"false\">\n\t\t\t<svg xmlns=\"http:\/\/www.w3.org\/2000\/svg\" viewBox=\"0 0 1000 100\" preserveAspectRatio=\"none\">\n\t<path class=\"elementor-shape-fill\" d=\"M0,6V0h1000v100L0,6z\"\/>\n<\/svg>\t\t<\/div>\n\t\t\t\t<div class=\"elementor-element elementor-element-186dcb2 elementor-invisible elementor-widget elementor-widget-heading\" data-id=\"186dcb2\" data-element_type=\"widget\" data-settings=\"{&quot;_animation&quot;:&quot;fadeIn&quot;}\" data-widget_type=\"heading.default\">\n\t\t\t\t\t<h2 class=\"elementor-heading-title elementor-size-default\">Politique de confidentialit\u00e9<\/h2>\t\t\t\t<\/div>\n\t\t\t\t\t<\/div>\n\t\t\t\t<\/section>\n\t\t\t\t<section class=\"elementor-section elementor-top-section elementor-element elementor-element-381cae2f elementor-section-boxed elementor-section-height-default elementor-section-height-default\" data-id=\"381cae2f\" data-element_type=\"section\">\n\t\t\t\t\t\t<div class=\"elementor-container elementor-column-gap-default\">\n\t\t\t\t\t<div class=\"elementor-column elementor-col-100 elementor-top-column elementor-element elementor-element-30d10020\" data-id=\"30d10020\" data-element_type=\"column\">\n\t\t\t<div class=\"elementor-widget-wrap elementor-element-populated\">\n\t\t\t\t\t\t<div class=\"elementor-element elementor-element-2bef08d elementor-widget elementor-widget-heading\" data-id=\"2bef08d\" data-element_type=\"widget\" data-widget_type=\"heading.default\">\n\t\t\t\t\t<h2 class=\"elementor-heading-title elementor-size-default\">Planetarium Real Estate Politique de confidentialit\u00e9<\/h2>\t\t\t\t<\/div>\n\t\t\t\t<div class=\"elementor-element elementor-element-de9a7f4 elementor-widget elementor-widget-text-editor\" data-id=\"de9a7f4\" data-element_type=\"widget\" data-widget_type=\"text-editor.default\">\n\t\t\t\t\t\t\t\t\t<p>Nous accordons une grande importance \u00e0 la protection de votre vie priv\u00e9e. La politique de Planetarium Real Estate est de respecter votre vie priv\u00e9e et de se conformer \u00e0 toute loi et r\u00e9glementation applicable concernant les informations personnelles que nous pourrions recueillir \u00e0 votre sujet, y compris sur notre site web, <a href=\"https:\/\/planetarium-phuket.com\/fr\/\">https:\/\/planetarium-phuket.com<\/a>, et les autres sites que nous poss\u00e9dons et exploitons.<\/p><p>Cette politique est entr\u00e9e en vigueur le 7 mars 2023 et a \u00e9t\u00e9 mise \u00e0 jour pour la derni\u00e8re fois le 7 mars 2023.<\/p>\t\t\t\t\t\t\t\t<\/div>\n\t\t\t\t<div class=\"elementor-element elementor-element-8cff7f7 elementor-widget elementor-widget-heading\" data-id=\"8cff7f7\" data-element_type=\"widget\" data-widget_type=\"heading.default\">\n\t\t\t\t\t<h3 class=\"elementor-heading-title elementor-size-default\">Informations collect\u00e9es<\/h3>\t\t\t\t<\/div>\n\t\t\t\t<div class=\"elementor-element elementor-element-64af151c elementor-widget elementor-widget-text-editor\" data-id=\"64af151c\" data-element_type=\"widget\" data-widget_type=\"text-editor.default\">\n\t\t\t\t\t\t\t\t\t<p>Les informations que nous recueillons comprennent \u00e0 la fois les informations que vous nous fournissez sciemment et activement lorsque vous utilisez ou participez \u00e0 l&#8217;un de nos services et promotions, et toute information automatiquement envoy\u00e9e par vos appareils lors de l&#8217;acc\u00e8s \u00e0 nos produits et services.<\/p>\t\t\t\t\t\t\t\t<\/div>\n\t\t\t\t<div class=\"elementor-element elementor-element-1046921 elementor-widget elementor-widget-heading\" data-id=\"1046921\" data-element_type=\"widget\" data-widget_type=\"heading.default\">\n\t\t\t\t\t<h3 class=\"elementor-heading-title elementor-size-default\">Donn\u00e9es du journal<\/h3>\t\t\t\t<\/div>\n\t\t\t\t<div class=\"elementor-element elementor-element-ff2527a elementor-widget elementor-widget-text-editor\" data-id=\"ff2527a\" data-element_type=\"widget\" data-widget_type=\"text-editor.default\">\n\t\t\t\t\t\t\t\t\t<p>Lorsque vous visitez notre site web, nos serveurs peuvent automatiquement enregistrer les donn\u00e9es standard fournies par votre navigateur web. Cela peut inclure l&#8217;adresse de protocole Internet (IP) de votre appareil, votre type et version de navigateur, les pages que vous visitez, l&#8217;heure et la date de votre visite, le temps pass\u00e9 sur chaque page, d&#8217;autres d\u00e9tails sur votre visite, et les d\u00e9tails techniques qui se produisent en conjonction avec toute erreur que vous pourriez rencontrer.<\/p><p>Veuillez noter que bien que ces informations puissent ne pas \u00eatre personnellement identifiantes en elles-m\u00eames, il pourrait \u00eatre possible de les combiner avec d&#8217;autres donn\u00e9es pour identifier personnellement des individus.<\/p>\t\t\t\t\t\t\t\t<\/div>\n\t\t\t\t<div class=\"elementor-element elementor-element-b876ff2 elementor-widget elementor-widget-heading\" data-id=\"b876ff2\" data-element_type=\"widget\" data-widget_type=\"heading.default\">\n\t\t\t\t\t<h3 class=\"elementor-heading-title elementor-size-default\">Informations personnelles<\/h3>\t\t\t\t<\/div>\n\t\t\t\t<div class=\"elementor-element elementor-element-9cb64f0 elementor-widget elementor-widget-text-editor\" data-id=\"9cb64f0\" data-element_type=\"widget\" data-widget_type=\"text-editor.default\">\n\t\t\t\t\t\t\t\t\t<p>Nous pouvons demander des informations personnelles qui peuvent inclure un ou plusieurs des \u00e9l\u00e9ments suivants :<\/p><ul><li>Email<\/li><\/ul>\t\t\t\t\t\t\t\t<\/div>\n\t\t\t\t<div class=\"elementor-element elementor-element-2b621e1 elementor-widget elementor-widget-heading\" data-id=\"2b621e1\" data-element_type=\"widget\" data-widget_type=\"heading.default\">\n\t\t\t\t\t<h3 class=\"elementor-heading-title elementor-size-default\">Raisons l\u00e9gitimes du traitement de vos informations personnelles<\/h3>\t\t\t\t<\/div>\n\t\t\t\t<div class=\"elementor-element elementor-element-aec7283 elementor-widget elementor-widget-text-editor\" data-id=\"aec7283\" data-element_type=\"widget\" data-widget_type=\"text-editor.default\">\n\t\t\t\t\t\t\t\t\t<p>Nous ne recueillons et n&#8217;utilisons vos informations personnelles que lorsque nous avons une raison l\u00e9gitime de le faire. Dans ce cas, nous ne recueillons que les informations personnelles raisonnablement n\u00e9cessaires pour vous fournir nos services.<\/p>\t\t\t\t\t\t\t\t<\/div>\n\t\t\t\t<div class=\"elementor-element elementor-element-7179e27 elementor-widget elementor-widget-heading\" data-id=\"7179e27\" data-element_type=\"widget\" data-widget_type=\"heading.default\">\n\t\t\t\t\t<h3 class=\"elementor-heading-title elementor-size-default\">Collecte et utilisation des informations<\/h3>\t\t\t\t<\/div>\n\t\t\t\t<div class=\"elementor-element elementor-element-0d58437 elementor-widget elementor-widget-text-editor\" data-id=\"0d58437\" data-element_type=\"widget\" data-widget_type=\"text-editor.default\">\n\t\t\t\t\t\t\t\t\t<p>Nous pouvons recueillir des informations personnelles vous concernant lorsque vous effectuez l&#8217;une des actions suivantes sur notre site web :<\/p><ul><li>Utiliser un appareil mobile ou un navigateur web pour acc\u00e9der \u00e0 notre contenu<\/li><li>Nous contacter par courriel, par les m\u00e9dias sociaux ou par toute autre technologie similaire.<\/li><li>Lorsque vous nous mentionnez sur les m\u00e9dias sociaux<\/li><\/ul><p>Nous pouvons recueillir, d\u00e9tenir, utiliser et divulguer des informations aux fins suivantes, et les informations personnelles ne seront pas trait\u00e9es ult\u00e9rieurement d&#8217;une mani\u00e8re incompatible avec ces fins :<\/p><p>Nous pouvons recueillir, d\u00e9tenir, utiliser et divulguer des informations aux fins suivantes, et les informations personnelles ne seront pas trait\u00e9es ult\u00e9rieurement d&#8217;une mani\u00e8re incompatible avec ces fins :<\/p><ul><li>pour vous contacter et communiquer avec vous<\/li><li>pour vous permettre d&#8217;acc\u00e9der et d&#8217;utiliser notre site web, les applications associ\u00e9es et les plateformes de m\u00e9dias sociaux associ\u00e9es.<\/li><\/ul><p>Veuillez noter que nous pouvons combiner les informations que nous recueillons \u00e0 votre sujet avec des informations g\u00e9n\u00e9rales ou des donn\u00e9es de recherche que nous recevons d&#8217;autres sources fiables.<\/p>\t\t\t\t\t\t\t\t<\/div>\n\t\t\t\t<div class=\"elementor-element elementor-element-5a654fa elementor-widget elementor-widget-heading\" data-id=\"5a654fa\" data-element_type=\"widget\" data-widget_type=\"heading.default\">\n\t\t\t\t\t<h3 class=\"elementor-heading-title elementor-size-default\">S\u00e9curit\u00e9 de vos donn\u00e9es personnelles<\/h3>\t\t\t\t<\/div>\n\t\t\t\t<div class=\"elementor-element elementor-element-efe8a8c elementor-widget elementor-widget-text-editor\" data-id=\"efe8a8c\" data-element_type=\"widget\" data-widget_type=\"text-editor.default\">\n\t\t\t\t\t\t\t\t\t<p>Lorsque nous recueillons et traitons des informations personnelles, et tant que nous conservons ces informations, nous les prot\u00e9gerons par des moyens commercialement acceptables pour pr\u00e9venir la perte et le vol, ainsi que l&#8217;acc\u00e8s non autoris\u00e9, la divulgation, la copie, l&#8217;utilisation ou la modification.<\/p><p>Bien que nous fassions de notre mieux pour prot\u00e9ger les informations personnelles que vous nous fournissez, nous vous informons qu&#8217;aucune m\u00e9thode de transmission ou de stockage \u00e9lectronique n&#8217;est s\u00fbre \u00e0 100 % et que personne ne peut garantir une s\u00e9curit\u00e9 absolue des donn\u00e9es. Nous nous conformerons aux lois qui nous sont applicables en cas de violation de donn\u00e9es.<\/p><p>Vous \u00eates responsable de la s\u00e9lection de tout mot de passe et de sa solidit\u00e9 globale, en assurant la s\u00e9curit\u00e9 de vos propres informations dans les limites de nos services.<\/p>\t\t\t\t\t\t\t\t<\/div>\n\t\t\t\t<div class=\"elementor-element elementor-element-6040b1e elementor-widget elementor-widget-heading\" data-id=\"6040b1e\" data-element_type=\"widget\" data-widget_type=\"heading.default\">\n\t\t\t\t\t<h3 class=\"elementor-heading-title elementor-size-default\">Dur\u00e9e de conservation des informations personnelles<\/h3>\t\t\t\t<\/div>\n\t\t\t\t<div class=\"elementor-element elementor-element-40c3c7f elementor-widget elementor-widget-text-editor\" data-id=\"40c3c7f\" data-element_type=\"widget\" data-widget_type=\"text-editor.default\">\n\t\t\t\t\t\t\t\t\t<p>Nous ne conservons vos informations personnelles que le temps n\u00e9cessaire. Ce d\u00e9lai peut d\u00e9pendre de l&#8217;usage que nous faisons de vos informations, conform\u00e9ment \u00e0 la pr\u00e9sente politique de confidentialit\u00e9. Si vos informations personnelles ne sont plus n\u00e9cessaires, nous les supprimerons ou les rendrons anonymes en supprimant tous les d\u00e9tails qui vous identifient.<\/p><p>Cependant, si n\u00e9cessaire, nous pouvons conserver vos informations personnelles pour notre conformit\u00e9 \u00e0 une obligation l\u00e9gale, comptable ou de rapport, ou \u00e0 des fins d&#8217;archivage dans l&#8217;int\u00e9r\u00eat public, de recherche scientifique ou historique, ou \u00e0 des fins statistiques.<\/p>\t\t\t\t\t\t\t\t<\/div>\n\t\t\t\t<div class=\"elementor-element elementor-element-d7748e8 elementor-widget elementor-widget-heading\" data-id=\"d7748e8\" data-element_type=\"widget\" data-widget_type=\"heading.default\">\n\t\t\t\t\t<h3 class=\"elementor-heading-title elementor-size-default\">Vie priv\u00e9e des enfants<\/h3>\t\t\t\t<\/div>\n\t\t\t\t<div class=\"elementor-element elementor-element-dc4e289 elementor-widget elementor-widget-text-editor\" data-id=\"dc4e289\" data-element_type=\"widget\" data-widget_type=\"text-editor.default\">\n\t\t\t\t\t\t\t\t\t<p>Nous ne ciblons aucun de nos produits ou services directement aux enfants de moins de 13 ans, et nous ne recueillons pas sciemment d&#8217;informations personnelles sur les enfants de moins de 13 ans.<\/p>\t\t\t\t\t\t\t\t<\/div>\n\t\t\t\t<div class=\"elementor-element elementor-element-3359ad4 elementor-widget elementor-widget-heading\" data-id=\"3359ad4\" data-element_type=\"widget\" data-widget_type=\"heading.default\">\n\t\t\t\t\t<h3 class=\"elementor-heading-title elementor-size-default\">Divulgation d'informations personnelles \u00e0 des tiers<\/h3>\t\t\t\t<\/div>\n\t\t\t\t<div class=\"elementor-element elementor-element-483d760 elementor-widget__width-initial elementor-widget elementor-widget-text-editor\" data-id=\"483d760\" data-element_type=\"widget\" data-widget_type=\"text-editor.default\">\n\t\t\t\t\t\t\t\t\t<p>Nous pouvons divulguer des informations personnelles \u00e0 :<\/p><ul><li>une soci\u00e9t\u00e9 m\u00e8re, une filiale ou une soci\u00e9t\u00e9 affili\u00e9e de notre entreprise<\/li><li>les prestataires de services tiers afin de leur permettre de fournir leurs services, par exemple les prestataires de services informatiques, les fournisseurs de stockage de donn\u00e9es, d&#8217;h\u00e9bergement et de serveurs, les annonceurs ou les plateformes d&#8217;analyse<\/li><li>nos employ\u00e9s, contractants et\/ou entit\u00e9s apparent\u00e9es<\/li><li>nos agents ou partenaires commerciaux existants ou potentiels<\/li><li>les sponsors ou promoteurs de tout concours, loterie ou promotion que nous organisons<\/li><li>les cours, les tribunaux, les autorit\u00e9s r\u00e9glementaires et les agents charg\u00e9s de l&#8217;application de la loi, comme l&#8217;exige la loi, dans le cadre de toute proc\u00e9dure judiciaire en cours ou \u00e0 venir, ou afin d&#8217;\u00e9tablir, d&#8217;exercer ou de d\u00e9fendre nos droits l\u00e9gaux<\/li><li>des tiers, y compris des agents ou des sous-traitants, qui nous aident \u00e0 vous fournir des informations, des produits, des services ou des services de marketing direct des tiers pour collecter et traiter les donn\u00e9es<\/li><\/ul>\t\t\t\t\t\t\t\t<\/div>\n\t\t\t\t<div class=\"elementor-element elementor-element-af66ee4 elementor-widget elementor-widget-heading\" data-id=\"af66ee4\" data-element_type=\"widget\" data-widget_type=\"heading.default\">\n\t\t\t\t\t<h3 class=\"elementor-heading-title elementor-size-default\">Transferts internationaux de donn\u00e9es \u00e0 caract\u00e8re personnel<\/h3>\t\t\t\t<\/div>\n\t\t\t\t<div class=\"elementor-element elementor-element-7d58519 elementor-widget elementor-widget-text-editor\" data-id=\"7d58519\" data-element_type=\"widget\" data-widget_type=\"text-editor.default\">\n\t\t\t\t\t\t\t\t\t<p>Les informations personnelles que nous collectons sont stock\u00e9es et\/ou trait\u00e9es l\u00e0 o\u00f9 nous ou nos partenaires, affili\u00e9s et fournisseurs tiers disposons d&#8217;installations. Veuillez noter que les pays dans lesquels nous stockons, traitons ou transf\u00e9rons vos informations personnelles peuvent ne pas avoir les m\u00eames lois sur la protection des donn\u00e9es que le pays dans lequel vous avez initialement fourni les informations. Si nous transf\u00e9rons vos informations personnelles \u00e0 des tiers dans d&#8217;autres pays : (i) nous effectuerons ces transferts conform\u00e9ment aux exigences de la l\u00e9gislation applicable ; et (ii) nous prot\u00e9gerons les informations personnelles transf\u00e9r\u00e9es conform\u00e9ment \u00e0 cette politique de confidentialit\u00e9.<\/p>\t\t\t\t\t\t\t\t<\/div>\n\t\t\t\t<div class=\"elementor-element elementor-element-56f0b18 elementor-widget elementor-widget-heading\" data-id=\"56f0b18\" data-element_type=\"widget\" data-widget_type=\"heading.default\">\n\t\t\t\t\t<h3 class=\"elementor-heading-title elementor-size-default\">Vos droits et le contr\u00f4le de vos donn\u00e9es personnelles\n<\/h3>\t\t\t\t<\/div>\n\t\t\t\t<div class=\"elementor-element elementor-element-eb568c6 elementor-widget elementor-widget-text-editor\" data-id=\"eb568c6\" data-element_type=\"widget\" data-widget_type=\"text-editor.default\">\n\t\t\t\t\t\t\t\t\t<p>Vous avez toujours le droit de ne pas nous communiquer d&#8217;informations personnelles, \u00e9tant entendu que votre exp\u00e9rience de notre site web peut en \u00eatre affect\u00e9e. Nous ne ferons pas de discrimination \u00e0 votre encontre pour avoir exerc\u00e9 l&#8217;un de vos droits sur vos informations personnelles. Si vous nous fournissez des informations personnelles, vous comprenez que nous les collecterons, les conserverons, les utiliserons et les divulguerons conform\u00e9ment \u00e0 la pr\u00e9sente politique de confidentialit\u00e9. Vous conservez le droit de demander des d\u00e9tails sur toute information personnelle que nous d\u00e9tenons \u00e0 votre sujet.<\/p><p>Si nous recevons des informations personnelles vous concernant de la part d&#8217;un tiers, nous les prot\u00e9gerons comme indiqu\u00e9 dans la pr\u00e9sente politique de confidentialit\u00e9. Si vous \u00eates un tiers fournissant des informations personnelles sur quelqu&#8217;un d&#8217;autre, vous d\u00e9clarez et garantissez que vous avez le consentement de cette personne pour nous fournir ses informations personnelles.<\/p><p>Si vous avez d\u00e9j\u00e0 accept\u00e9 que nous utilisions vos informations personnelles \u00e0 des fins de marketing direct, vous pouvez changer d&#8217;avis \u00e0 tout moment. Nous vous donnerons la possibilit\u00e9 de vous d\u00e9sinscrire de notre base de donn\u00e9es d&#8217;e-mails ou de vous d\u00e9sabonner des communications. Veuillez noter que nous pourrions avoir besoin de vous demander des informations sp\u00e9cifiques pour nous aider \u00e0 confirmer votre identit\u00e9.<\/p><p>Si vous pensez que les informations que nous d\u00e9tenons \u00e0 votre sujet sont inexactes, p\u00e9rim\u00e9es, incompl\u00e8tes, non pertinentes ou trompeuses, veuillez nous contacter en utilisant les coordonn\u00e9es fournies dans la pr\u00e9sente politique de confidentialit\u00e9. Nous prendrons des mesures raisonnables pour corriger toute information jug\u00e9e inexacte, incompl\u00e8te, trompeuse ou obsol\u00e8te.<\/p><p>Si vous pensez que nous avons enfreint une loi sur la protection des donn\u00e9es et que vous souhaitez d\u00e9poser une plainte, veuillez nous contacter aux coordonn\u00e9es ci-dessous et nous fournir tous les d\u00e9tails de l&#8217;infraction pr\u00e9sum\u00e9e. Nous examinerons rapidement votre plainte et vous r\u00e9pondrons, par \u00e9crit, en indiquant les r\u00e9sultats de notre enqu\u00eate et les mesures que nous prendrons pour traiter votre plainte. Vous avez \u00e9galement le droit de contacter un organisme de r\u00e9glementation ou une autorit\u00e9 de protection des donn\u00e9es concernant votre plainte.<\/p>\t\t\t\t\t\t\t\t<\/div>\n\t\t\t\t<div class=\"elementor-element elementor-element-3954e02 elementor-widget elementor-widget-heading\" data-id=\"3954e02\" data-element_type=\"widget\" data-widget_type=\"heading.default\">\n\t\t\t\t\t<h3 class=\"elementor-heading-title elementor-size-default\">Utilisation des cookies<\/h3>\t\t\t\t<\/div>\n\t\t\t\t<div class=\"elementor-element elementor-element-c93a4c5 elementor-widget elementor-widget-text-editor\" data-id=\"c93a4c5\" data-element_type=\"widget\" data-widget_type=\"text-editor.default\">\n\t\t\t\t\t\t\t\t\t<p>Nous utilisons des &#8220;cookies&#8221; pour collecter des informations sur vous et votre activit\u00e9 sur notre site. Un cookie est un petit \u00e9l\u00e9ment d&#8217;information que notre site web stocke sur votre ordinateur et auquel il acc\u00e8de \u00e0 chaque fois que vous le visitez, afin que nous puissions comprendre comment vous utilisez notre site. Cela nous aide \u00e0 vous servir du contenu bas\u00e9 sur les pr\u00e9f\u00e9rences que vous avez sp\u00e9cifi\u00e9es.<\/p>\t\t\t\t\t\t\t\t<\/div>\n\t\t\t\t<div class=\"elementor-element elementor-element-4847bc0 elementor-widget elementor-widget-heading\" data-id=\"4847bc0\" data-element_type=\"widget\" data-widget_type=\"heading.default\">\n\t\t\t\t\t<h3 class=\"elementor-heading-title elementor-size-default\">Limites de notre politique<\/h3>\t\t\t\t<\/div>\n\t\t\t\t<div class=\"elementor-element elementor-element-36ab6ac elementor-widget elementor-widget-text-editor\" data-id=\"36ab6ac\" data-element_type=\"widget\" data-widget_type=\"text-editor.default\">\n\t\t\t\t\t\t\t\t\t<p>Notre site web peut renvoyer \u00e0 des sites externes qui ne sont pas exploit\u00e9s par nous. Veuillez noter que nous n&#8217;avons aucun contr\u00f4le sur le contenu et les politiques de ces sites, et ne pouvons accepter aucune responsabilit\u00e9 pour leurs pratiques respectives en mati\u00e8re de confidentialit\u00e9.<\/p>\t\t\t\t\t\t\t\t<\/div>\n\t\t\t\t<div class=\"elementor-element elementor-element-017b249 elementor-widget elementor-widget-heading\" data-id=\"017b249\" data-element_type=\"widget\" data-widget_type=\"heading.default\">\n\t\t\t\t\t<h3 class=\"elementor-heading-title elementor-size-default\">Modifications de la pr\u00e9sente politique<\/h3>\t\t\t\t<\/div>\n\t\t\t\t<div class=\"elementor-element elementor-element-77a677a elementor-widget elementor-widget-text-editor\" data-id=\"77a677a\" data-element_type=\"widget\" data-widget_type=\"text-editor.default\">\n\t\t\t\t\t\t\t\t\t<p>Nous pouvons, \u00e0 notre discr\u00e9tion, modifier notre politique de protection de la vie priv\u00e9e afin de refl\u00e9ter les mises \u00e0 jour de nos processus commerciaux, les pratiques acceptables actuelles ou les changements l\u00e9gislatifs ou r\u00e9glementaires. Si nous d\u00e9cidons de modifier cette politique de confidentialit\u00e9, nous publierons les changements ici au m\u00eame lien par lequel vous acc\u00e9dez \u00e0 cette politique de confidentialit\u00e9.<\/p><p>Si la loi l&#8217;exige, nous obtiendrons votre permission ou vous donnerons la possibilit\u00e9 d&#8217;accepter ou de refuser, selon le cas, toute nouvelle utilisation de vos informations personnelles.<\/p>\t\t\t\t\t\t\t\t<\/div>\n\t\t\t\t<div class=\"elementor-element elementor-element-587fc52 elementor-widget elementor-widget-heading\" data-id=\"587fc52\" data-element_type=\"widget\" data-widget_type=\"heading.default\">\n\t\t\t\t\t<h3 class=\"elementor-heading-title elementor-size-default\">Contactez-nous<\/h3>\t\t\t\t<\/div>\n\t\t\t\t<div class=\"elementor-element elementor-element-7761944 elementor-widget elementor-widget-text-editor\" data-id=\"7761944\" data-element_type=\"widget\" data-widget_type=\"text-editor.default\">\n\t\t\t\t\t\t\t\t\t<p>Pour toute question ou pr\u00e9occupation concernant votre vie priv\u00e9e, vous pouvez nous contacter en utilisant les coordonn\u00e9es suivantes :<\/p><p>Victoria Mubashirova<br>https:\/\/planetarium-phuket.com\/contact<\/p>\t\t\t\t\t\t\t\t<\/div>\n\t\t\t\t\t<\/div>\n\t\t<\/div>\n\t\t\t\t\t<\/div>\n\t\t<\/section>\n\t\t\t\t<\/div>\n\t\t","protected":false},"excerpt":{"rendered":"<p>Politique de confidentialit\u00e9 Planetarium Real Estate Politique de confidentialit\u00e9 Nous accordons une grande importance \u00e0 la protection de votre vie priv\u00e9e. La politique de Planetarium Real Estate est de respecter votre vie priv\u00e9e et de se conformer \u00e0 toute loi et r\u00e9glementation applicable concernant les informations personnelles que nous pourrions recueillir \u00e0 votre sujet, y [&hellip;]<\/p>\n","protected":false},"author":1,"featured_media":0,"parent":0,"menu_order":0,"comment_status":"closed","ping_status":"closed","template":"elementor_header_footer","meta":{"footnotes":""},"class_list":["post-81779","page","type-page","status-publish","hentry"],"_links":{"self":[{"href":"https:\/\/planetarium-phuket.com\/fr\/wp-json\/wp\/v2\/pages\/81779","targetHints":{"allow":["GET"]}}],"collection":[{"href":"https:\/\/planetarium-phuket.com\/fr\/wp-json\/wp\/v2\/pages"}],"about":[{"href":"https:\/\/planetarium-phuket.com\/fr\/wp-json\/wp\/v2\/types\/page"}],"author":[{"embeddable":true,"href":"https:\/\/planetarium-phuket.com\/fr\/wp-json\/wp\/v2\/users\/1"}],"replies":[{"embeddable":true,"href":"https:\/\/planetarium-phuket.com\/fr\/wp-json\/wp\/v2\/comments?post=81779"}],"version-history":[{"count":0,"href":"https:\/\/planetarium-phuket.com\/fr\/wp-json\/wp\/v2\/pages\/81779\/revisions"}],"wp:attachment":[{"href":"https:\/\/planetarium-phuket.com\/fr\/wp-json\/wp\/v2\/media?parent=81779"}],"curies":[{"name":"wp","href":"https:\/\/api.w.org\/{rel}","templated":true}]}}