{"id":81772,"date":"2021-09-09T22:59:50","date_gmt":"2021-09-09T15:59:50","guid":{"rendered":"https:\/\/planetarium-phuket.com\/informations-juridiques\/"},"modified":"2025-06-13T06:17:46","modified_gmt":"2025-06-12T23:17:46","slug":"informations-juridiques","status":"publish","type":"page","link":"https:\/\/planetarium-phuket.com\/fr\/informations-juridiques\/","title":{"rendered":"Informations juridiques"},"content":{"rendered":"\t\t<div data-elementor-type=\"wp-page\" data-elementor-id=\"81772\" class=\"elementor elementor-81772 elementor-18220\" data-elementor-post-type=\"page\">\n\t\t\t\t<section class=\"elementor-element elementor-element-3bffa96 e-flex e-con-boxed e-con e-parent\" data-id=\"3bffa96\" data-element_type=\"container\" id=\"hero-section\" data-settings=\"{&quot;background_background&quot;:&quot;classic&quot;,&quot;shape_divider_bottom&quot;:&quot;tilt&quot;}\">\n\t\t\t\t\t<div class=\"e-con-inner\">\n\t\t\t\t<div class=\"elementor-shape elementor-shape-bottom\" aria-hidden=\"true\" data-negative=\"false\">\n\t\t\t<svg xmlns=\"http:\/\/www.w3.org\/2000\/svg\" viewBox=\"0 0 1000 100\" preserveAspectRatio=\"none\">\n\t<path class=\"elementor-shape-fill\" d=\"M0,6V0h1000v100L0,6z\"\/>\n<\/svg>\t\t<\/div>\n\t\t\t\t<div class=\"elementor-element elementor-element-0d37ca6 elementor-invisible elementor-widget elementor-widget-heading\" data-id=\"0d37ca6\" data-element_type=\"widget\" data-settings=\"{&quot;_animation&quot;:&quot;fadeIn&quot;}\" data-widget_type=\"heading.default\">\n\t\t\t\t\t<h2 class=\"elementor-heading-title elementor-size-default\">Informations juridiques<\/h2>\t\t\t\t<\/div>\n\t\t\t\t\t<\/div>\n\t\t\t\t<\/section>\n\t\t<div class=\"elementor-element elementor-element-38a2c48c e-flex e-con-boxed e-con e-parent\" data-id=\"38a2c48c\" data-element_type=\"container\">\n\t\t\t\t\t<div class=\"e-con-inner\">\n\t\t\t\t<div class=\"elementor-element elementor-element-3358ca4 elementor-widget elementor-widget-heading\" data-id=\"3358ca4\" data-element_type=\"widget\" data-widget_type=\"heading.default\">\n\t\t\t\t\t<h2 class=\"elementor-heading-title elementor-size-default\">Informations g\u00e9n\u00e9rales pour les clients \ud83c\udf34\ud83c\udfe1\ud83c\udfe1<\/h2>\t\t\t\t<\/div>\n\t\t\t\t<div class=\"elementor-element elementor-element-2623e48e elementor-widget elementor-widget-text-editor\" data-id=\"2623e48e\" data-element_type=\"widget\" data-widget_type=\"text-editor.default\">\n\t\t\t\t\t\t\t\t\t<p>Tous les nouveaux logements en Tha\u00eflande respectent les m\u00eames normes \u00e9lev\u00e9es :<\/p><ul><li>La maison et la cour doivent \u00eatre entour\u00e9es d&#8217;une cl\u00f4ture.<\/li><li>Les services essentiels tels que le parking, la s\u00e9curit\u00e9, le shlakbaum et la surveillance vid\u00e9o 24 heures sur 24 sont fournis autour du p\u00e9rim\u00e8tre.<\/li><li>Les appartements sont enti\u00e8rement \u00e9quip\u00e9s, avec des r\u00e9parations et des meubles pr\u00eats \u00e0 l&#8217;emploi.<\/li><li>Sans frais suppl\u00e9mentaires, vous pouvez profiter des installations communes telles que la piscine, l&#8217;espace enfants, la salle de fitness, la biblioth\u00e8que, le home cin\u00e9ma et la salle de billard.<\/li><li>Chaque maison a sa propre soci\u00e9t\u00e9 de gestion responsable du territoire du projet.<\/li><li>La soci\u00e9t\u00e9 de gestion peut s&#8217;occuper de la location de votre appartement et transf\u00e9rer les revenus sur votre compte bancaire pendant votre absence.<\/li><\/ul>\t\t\t\t\t\t\t\t<\/div>\n\t\t\t\t<div class=\"elementor-element elementor-element-e988577 elementor-widget elementor-widget-heading\" data-id=\"e988577\" data-element_type=\"widget\" data-widget_type=\"heading.default\">\n\t\t\t\t\t<h2 class=\"elementor-heading-title elementor-size-default\">L'acc\u00e8s \u00e0 la propri\u00e9t\u00e9 en Tha\u00eflande \ud83c\uddf9\ud83c\udded<\/h2>\t\t\t\t<\/div>\n\t\t\t\t<div class=\"elementor-element elementor-element-c01465d elementor-widget elementor-widget-text-editor\" data-id=\"c01465d\" data-element_type=\"widget\" data-widget_type=\"text-editor.default\">\n\t\t\t\t\t\t\t\t\t<p>En Tha\u00eflande, il existe deux formes principales de propri\u00e9t\u00e9 : la propri\u00e9t\u00e9 libre et la propri\u00e9t\u00e9 \u00e0 bail.<\/p><p><strong>En pleine propri\u00e9t\u00e9 :<\/strong><\/p><ul><li>Vous poss\u00e9dez 100 % du bien et avez le droit de le vendre, de le louer, de le donner ou d&#8217;en h\u00e9riter.<\/li><li>49 % de l&#8217;espace habitable peut appartenir \u00e0 des \u00e9trangers (quota \u00e9tranger) et 51 % \u00e0 des citoyens ou entit\u00e9s tha\u00eflandais (quota tha\u00eflandais).<\/li><li>Les \u00e9trangers peuvent s&#8217;inscrire au titre du quota tha\u00eflandais en ouvrant une soci\u00e9t\u00e9.<\/li><li>La taxe fonci\u00e8re est un paiement unique, pouvant atteindre 7 % de la valeur du bien, partag\u00e9 entre l&#8217;acheteur et le vendeur.<\/li><\/ul><p> <\/p><p><strong>Location :<\/strong><\/p><ul><li>Il s&#8217;agit d&#8217;un bail \u00e0 long terme de 30 ans, prorogeable pour deux p\u00e9riodes suppl\u00e9mentaires (90 ans au total).<\/li><li>Peut \u00eatre vendu, h\u00e9rit\u00e9 ou lou\u00e9 pour la dur\u00e9e restante.<\/li><li>Attractif pour les investisseurs car les valeurs de march\u00e9 sont g\u00e9n\u00e9ralement inf\u00e9rieures de 5 \u00e0 10 % \u00e0 celles de la pleine propri\u00e9t\u00e9.<\/li><li>La taxe sur les biens lou\u00e9s est de 1 \u00e0 3 %, pay\u00e9e une fois tous les 30 ans.<\/li><\/ul>\t\t\t\t\t\t\t\t<\/div>\n\t\t\t\t<div class=\"elementor-element elementor-element-94b03f4 elementor-widget elementor-widget-heading\" data-id=\"94b03f4\" data-element_type=\"widget\" data-widget_type=\"heading.default\">\n\t\t\t\t\t<h2 class=\"elementor-heading-title elementor-size-default\">Enregistrement des villas dans une soci\u00e9t\u00e9 \ud83c\udfe1\ud83d\udcdd\ud83d\udcdd<\/h2>\t\t\t\t<\/div>\n\t\t\t\t<div class=\"elementor-element elementor-element-e077b4f elementor-widget elementor-widget-text-editor\" data-id=\"e077b4f\" data-element_type=\"widget\" data-widget_type=\"text-editor.default\">\n\t\t\t\t\t\t\t\t\t<p>Les maisons de ville et les villas sont souvent enregistr\u00e9es sous deux contrats : la structure en pleine propri\u00e9t\u00e9 et le terrain en location.<\/p><ul><li>En Tha\u00eflande, les terrains sont g\u00e9n\u00e9ralement lou\u00e9s, car ils ne peuvent \u00eatre vendus \u00e0 des non-r\u00e9sidents.<\/li><li>Les avocats s&#8217;occupent de l&#8217;ouverture et de la maintenance des entreprises, avec une r\u00e9partition de 49%-51% (c\u00f4t\u00e9 \u00e9tranger-Tha\u00ef).<\/li><li>L&#8217;\u00e9tranger d\u00e9tient une participation majoritaire et des droits de signature exclusifs.<\/li><li>L&#8217;acheteur devient propri\u00e9taire de l&#8217;entreprise, et l&#8217;entreprise est propri\u00e9taire de la maison.<\/li><li>La propri\u00e9t\u00e9 est garantie par un certificat appel\u00e9 Chanot.<\/li><li>Un livre bleu, \u00e9quivalent \u00e0 un &#8220;livre de maison&#8221;, est d\u00e9livr\u00e9 pour la structure, \u00e9num\u00e9rant les d\u00e9tails de la propri\u00e9t\u00e9.<\/li><\/ul><p> <\/p><p>Ce m\u00e9canisme s&#8217;est av\u00e9r\u00e9 s\u00fbr depuis des d\u00e9cennies, offrant flexibilit\u00e9 et contr\u00f4le sur votre propri\u00e9t\u00e9 en Tha\u00eflande. \ud83c\udf1f<\/p>\t\t\t\t\t\t\t\t<\/div>\n\t\t\t\t\t<\/div>\n\t\t\t\t<\/div>\n\t\t\t\t<\/div>\n\t\t","protected":false},"excerpt":{"rendered":"<p>Informations juridiques Informations g\u00e9n\u00e9rales pour les clients \ud83c\udf34\ud83c\udfe1\ud83c\udfe1 Tous les nouveaux logements en Tha\u00eflande respectent les m\u00eames normes \u00e9lev\u00e9es : La maison et la cour doivent \u00eatre entour\u00e9es d&#8217;une cl\u00f4ture. Les services essentiels tels que le parking, la s\u00e9curit\u00e9, le shlakbaum et la surveillance vid\u00e9o 24 heures sur 24 sont fournis autour du p\u00e9rim\u00e8tre. Les [&hellip;]<\/p>\n","protected":false},"author":1,"featured_media":0,"parent":0,"menu_order":0,"comment_status":"closed","ping_status":"closed","template":"elementor_header_footer","meta":{"footnotes":""},"class_list":["post-81772","page","type-page","status-publish","hentry"],"_links":{"self":[{"href":"https:\/\/planetarium-phuket.com\/fr\/wp-json\/wp\/v2\/pages\/81772","targetHints":{"allow":["GET"]}}],"collection":[{"href":"https:\/\/planetarium-phuket.com\/fr\/wp-json\/wp\/v2\/pages"}],"about":[{"href":"https:\/\/planetarium-phuket.com\/fr\/wp-json\/wp\/v2\/types\/page"}],"author":[{"embeddable":true,"href":"https:\/\/planetarium-phuket.com\/fr\/wp-json\/wp\/v2\/users\/1"}],"replies":[{"embeddable":true,"href":"https:\/\/planetarium-phuket.com\/fr\/wp-json\/wp\/v2\/comments?post=81772"}],"version-history":[{"count":0,"href":"https:\/\/planetarium-phuket.com\/fr\/wp-json\/wp\/v2\/pages\/81772\/revisions"}],"wp:attachment":[{"href":"https:\/\/planetarium-phuket.com\/fr\/wp-json\/wp\/v2\/media?parent=81772"}],"curies":[{"name":"wp","href":"https:\/\/api.w.org\/{rel}","templated":true}]}}